{"id":3443,"date":"2017-07-28T09:29:34","date_gmt":"2017-07-28T09:29:34","guid":{"rendered":"https:\/\/italianinterpreter.london\/my-offer\/project-manager\/"},"modified":"2022-12-21T07:38:50","modified_gmt":"2022-12-21T07:38:50","slug":"project-manager","status":"publish","type":"page","link":"https:\/\/italianinterpreter.london\/it\/cosa-offro\/project-manager\/","title":{"rendered":"PM &#8211; team leader"},"content":{"rendered":"<p>[vc_row full_width=&#8221;stretch_row&#8221; css=&#8221;.vc_custom_1560512266858{margin-top: 0px !important;margin-bottom: 0px !important;padding-top: 40px !important;padding-bottom: 100px !important;background-color: #ffffff !important;}&#8221; el_class=&#8221;center-button&#8221;][vc_column][vc_row_inner][vc_column_inner el_class=&#8221;center-button&#8221; css=&#8221;.vc_custom_1501230603789{padding-right: 40px !important;padding-left: 40px !important;}&#8221;]<div class=\"promo-block center \"><div class=\"promo-text\"><\/div><div class=\"promo-name\"><h3>PROJECT MANAGER \/ TEAM LEADER<\/h3><\/div><div class=\"promo-border\"><\/div><\/div>[vc_column_text]<\/p>\n<p style=\"text-align: center;\" align=\"center\">Un\u2019organizzazione impeccabile e un team di interpreti qualificati per i tuoi eventi<\/p>\n<p>[\/vc_column_text][\/vc_column_inner][\/vc_row_inner]<a class=\"pioneer_vc_button\" data-title-color-hover=\"#ffffff\" data-bg-color-hover=\"#1b344a\" data-border-c-hover=\"#1b344a\"  href=\"#di-cosa-si-occupa-linterprete-consulente\" target=\"_self\" style=\"display:inline-block; font-size:16px; line-heigth:16px; color:#1b344a; background-color:#ffffff; padding:7px 15px; margin:10px 0 0 0; border-width:2px; border-style:solid; border-color:#1b344a; border-radius:\"><i class=\"fa \"><\/i> Leggi di pi\u00f9<\/a>[\/vc_column][\/vc_row][vc_row full_width=&#8221;stretch_row&#8221; css=&#8221;.vc_custom_1560518777273{padding-top: 40px !important;padding-bottom: 40px !important;background-color: #f8f8f8 !important;}&#8221; el_id=&#8221;di-cosa-si-occupa-linterprete-consulente&#8221;][vc_column width=&#8221;1\/2&#8243;][vc_single_image image=&#8221;4539&#8243; img_size=&#8221;440&#215;440&#8243; alignment=&#8221;center&#8221; style=&#8221;vc_box_circle&#8221;][vc_empty_space height=&#8221;10px&#8221;][vc_column_text]Nel corso della mia carriera ho avuto modo di conoscere e di creare intorno a me una rete di professionisti della traduzione e dell\u2019interpretariato in diverse lingue. Unendo la passione per l\u2019organizzazione alla mia rete di relazioni, ho organizzato molti eventi per privati, societ\u00e0 e istituzioni internazionali, sia in Italia che all\u2019estero.<\/p>\n<p>Come interprete consulente mi occupo di offrire soluzioni personalizzate di elevata qualit\u00e0 per conferire valore aggiunto alle attivit\u00e0 di ciascun cliente e rendere vincente la comunicazione di aziende ed istituzioni. [\/vc_column_text][\/vc_column][vc_column width=&#8221;1\/2&#8243; el_class=&#8221;simple-list&#8221;]<div class=\"promo-block  \"><div class=\"promo-text\"><\/div><div class=\"promo-name\"><h3>Di cosa si occupa l\u2019interprete consulente?<\/h3><\/div><div class=\"promo-border\"><\/div><\/div>[vc_column_text]L\u2019interprete consulente \u00e8 la figura professionale che si occupa di costruire un <b>team di interpreti<\/b> in grado di comunicare il tuo messaggio in pi\u00f9 lingue a un vasto uditorio internazionale.<br \/>\nNell\u2019organizzazione di un evento che coinvolga diverse combinazioni linguistiche, la figura <b>dell\u2019interprete consulente<\/b> pu\u00f2 aiutarti a costruire una squadra di professionisti che <b>faciliti i contatti tra te e la tua audience straniera<\/b>.<\/p>\n<p>Nello specifico mi occupo di:[\/vc_column_text]<div class=\"services-list\"><i class=\"icon-basic-message-multiple\"><\/i><span> costruire un team di interpreti in grado di comunicare il messaggio dei miei clienti in pi\u00f9 lingue a un vasto uditorio internazionale;<\/span><\/div><div class=\"services-list\"><i class=\"icon-basic-message-multiple\"><\/i><span> costruire una squadra di professionisti che faciliti i contatti con l\u2019audience straniera;<\/span><\/div><div class=\"services-list\"><i class=\"icon-basic-message-multiple\"><\/i><span> curare i contatti con gli organizzatori, i relatori e gli interpreti;<\/span><\/div><div class=\"services-list\"><i class=\"icon-basic-message-multiple\"><\/i><span> fornire l\u2019attrezzatura per l\u2019interpretazione.<\/span><\/div>[\/vc_column][\/vc_row][vc_row full_width=&#8221;stretch_row&#8221; css=&#8221;.vc_custom_1560518716282{padding-top: 40px !important;padding-bottom: 40px !important;background-color: #e1487e !important;}&#8221;][vc_column][vc_column_text]<\/p>\n<h3 style=\"text-align: center; color: #fff;\">Insieme organizzeremo il tuo evento nei minimi dettagli, affinch\u00e9 la tua voce e il tuo messaggio vengano perfettamente compresi.<\/h3>\n<h3 style=\"text-align: center; color: #fff;\">Il mio obiettivo \u00e8 offrire soluzioni personalizzate di elevata qualit\u00e0 per conferire valore aggiunto alle attivit\u00e0 di ciascun cliente e rendere vincente la comunicazione di aziende ed istituzioni.<\/h3>\n<p>[\/vc_column_text][\/vc_column][\/vc_row][vc_row full_width=&#8221;stretch_row&#8221; css=&#8221;.vc_custom_1619067331817{padding-top: 40px !important;padding-bottom: 75px !important;background-color: #1b344a !important;}&#8221; el_class=&#8221;white-text &#8220;][vc_column]<div class=\"promo-block center white\"><div class=\"promo-text\"><\/div><div class=\"promo-name\"><h3>Per richiedere una consulenza, compila il form o contattami:<\/h3><\/div><div class=\"promo-border\"><\/div><\/div>[vc_empty_space height=&#8221;20px&#8221;][vc_row_inner el_class=&#8221;white-text&#8221;][vc_column_inner width=&#8221;1\/2&#8243;][vc_column_text]\n<div class=\"wpcf7 no-js\" id=\"wpcf7-f3449-o1\" lang=\"en-US\" dir=\"ltr\" data-wpcf7-id=\"3449\">\n<div class=\"screen-reader-response\"><p role=\"status\" aria-live=\"polite\" aria-atomic=\"true\"><\/p> <ul><\/ul><\/div>\n<form action=\"\/it\/wp-json\/wp\/v2\/pages\/3443\/#wpcf7-f3449-o1\" method=\"post\" class=\"wpcf7-form init\" aria-label=\"Contact form\" novalidate=\"novalidate\" data-status=\"init\">\n<fieldset class=\"hidden-fields-container\"><input type=\"hidden\" name=\"_wpcf7\" value=\"3449\" \/><input type=\"hidden\" name=\"_wpcf7_version\" value=\"6.1.5\" \/><input type=\"hidden\" name=\"_wpcf7_locale\" value=\"en_US\" \/><input type=\"hidden\" name=\"_wpcf7_unit_tag\" value=\"wpcf7-f3449-o1\" \/><input type=\"hidden\" name=\"_wpcf7_container_post\" value=\"0\" \/><input type=\"hidden\" name=\"_wpcf7_posted_data_hash\" value=\"\" \/><input type=\"hidden\" name=\"_cf7a__timestamp\" value=\"C+V7xb4QgcxKphYWr7vJjQ==\" \/><input type=\"hidden\" name=\"_cf7a_version\" value=\"1.0\" \/><input type=\"hidden\" name=\"_cf7a_address\" value=\"\" \/><input type=\"hidden\" name=\"_cf7a_referer\" value=\"\" \/><input type=\"hidden\" name=\"_cf7a_protocol\" value=\"\" \/><input type=\"hidden\" name=\"_cf7a_bot_fingerprint\" value=\"C+V7xb4QgcxKphYWr7vJjQ==\" \/><input type=\"hidden\" name=\"_cf7a_bot_fingerprint_extras\" \/><input type=\"hidden\" name=\"_cf7a_append_on_submit\" \/>\n<\/fieldset>\n<div class=\"row\">\n\t<div class=\"col-lg-6\">\n\t\t<p><span class=\"wpcf7-form-control-wrap\" data-name=\"your-name\"><input type=\"text\" name=\"name\" value=\"\" autocomplete=\"fill\" class=\"fit-the-fullspace\" aria-hidden=\"true\" tabindex=\"-1\" \/><input size=\"40\" maxlength=\"400\" class=\"wpcf7-form-control wpcf7-text wpcf7-validates-as-required\" aria-required=\"true\" aria-invalid=\"false\" placeholder=\"Nome*\" value=\"\" type=\"text\" name=\"your-name\" \/><\/span>\n\t\t<\/p>\n\t<\/div>\n\t<div class=\"col-lg-6\">\n\t\t<p><span class=\"wpcf7-form-control-wrap\" data-name=\"your-email\"><input size=\"40\" maxlength=\"400\" class=\"wpcf7-form-control wpcf7-text wpcf7-validates-as-required\" aria-required=\"true\" aria-invalid=\"false\" placeholder=\"Email*\" value=\"\" type=\"text\" name=\"your-email\" \/><input type=\"text\" name=\"email\" value=\"\" autocomplete=\"fill\" class=\"fit-the-fullspace\" aria-hidden=\"true\" tabindex=\"-1\" \/><\/span>\n\t\t<\/p>\n\t<\/div>\n\t<div style=\"margin-top: 10px;\" class=\"col-lg-12\">\n\t\t<p><span class=\"wpcf7-form-control-wrap\" data-name=\"your-message\"><textarea cols=\"40\" rows=\"10\" maxlength=\"2000\" class=\"wpcf7-form-control wpcf7-textarea\" aria-invalid=\"false\" placeholder=\"Messaggio\" name=\"your-message\"><\/textarea><\/span>\n\t\t<\/p>\n\t<\/div>\n\t<div class=\"col-lg-12\">\n\t\t<p><input class=\"wpcf7-form-control wpcf7-submit has-spinner\" type=\"submit\" value=\"Invia\" \/>\n\t\t<\/p>\n\t<\/div>\n<\/div><div class=\"wpcf7-response-output\" aria-hidden=\"true\"><\/div>\n<\/form>\n<\/div>\n[\/vc_column_text][\/vc_column_inner][vc_column_inner width=&#8221;1\/2&#8243;][vc_column_text]<\/p>\n<p style=\"color: #fff;\"><strong>Contatti<\/strong><\/p>\n<p style=\"color: #fff;\">Tel: <a href=\"tel:+4402033320505\">+44 (0) 20 3332 0505<\/a><\/p>\n<p style=\"color: #fff;\">Mail: <a href=\"mailto:luciana@italianinterpreter.london\">luciana@italianinterpreter.london<\/a><\/p>\n<p style=\"color: #fff;\">Skype: <a href=\"skype:luscrofanibiz\">luscrofanibiz<\/a><\/p>\n<p>[\/vc_column_text][\/vc_column_inner][\/vc_row_inner][\/vc_column][\/vc_row]<\/p>\n","protected":false},"excerpt":{"rendered":"<p>[vc_row full_width=&#8221;stretch_row&#8221; css=&#8221;.vc_custom_1560512266858{margin-top: 0px !important;margin-bottom: 0px !important;padding-top: 40px !important;padding-bottom: 100px !important;background-color: #ffffff !important;}&#8221; el_class=&#8221;center-button&#8221;][vc_column][vc_row_inner][vc_column_inner el_class=&#8221;center-button&#8221; css=&#8221;.vc_custom_1501230603789{padding-right: 40px !important;padding-left: 40px !important;}&#8221;][vc_column_text] Un\u2019organizzazione impeccabile e un team di interpreti qualificati per i tuoi eventi [\/vc_column_text][\/vc_column_inner][\/vc_row_inner][\/vc_column][\/vc_row][vc_row full_width=&#8221;stretch_row&#8221; css=&#8221;.vc_custom_1560518777273{padding-top: 40px !important;padding-bottom: 40px !important;background-color: #f8f8f8 !important;}&#8221; el_id=&#8221;di-cosa-si-occupa-linterprete-consulente&#8221;][vc_column width=&#8221;1\/2&#8243;][vc_single_image image=&#8221;4539&#8243; img_size=&#8221;440&#215;440&#8243; alignment=&#8221;center&#8221; style=&#8221;vc_box_circle&#8221;][vc_empty_space height=&#8221;10px&#8221;][vc_column_text]Nel corso della mia carriera ho avuto modo&#8230;<\/p>\n","protected":false},"author":1,"featured_media":9688,"parent":3438,"menu_order":0,"comment_status":"closed","ping_status":"closed","template":"visual-composer.php","meta":{"footnotes":""},"class_list":["post-3443","page","type-page","status-publish","has-post-thumbnail","hentry"],"yoast_head":"<!-- This site is optimized with the Yoast SEO plugin v27.3 - https:\/\/yoast.com\/product\/yoast-seo-wordpress\/ -->\n<title>Project Manager - Team Leader - Luciana Scrofani Green<\/title>\n<meta name=\"description\" content=\"Servizi di consulenza di interpretariato su misura. Project Manager per aiutarti a costruire una squadra di professionisti.\" \/>\n<meta name=\"robots\" content=\"index, follow, max-snippet:-1, max-image-preview:large, max-video-preview:-1\" \/>\n<link rel=\"canonical\" href=\"https:\/\/italianinterpreter.london\/it\/cosa-offro\/project-manager\/\" \/>\n<meta property=\"og:locale\" content=\"it_IT\" \/>\n<meta property=\"og:type\" content=\"article\" \/>\n<meta property=\"og:title\" content=\"Project Manager - Team Leader - Luciana Scrofani Green\" \/>\n<meta property=\"og:description\" content=\"Servizi di consulenza di interpretariato su misura. Project Manager per aiutarti a costruire una squadra di professionisti.\" \/>\n<meta property=\"og:url\" content=\"https:\/\/italianinterpreter.london\/it\/cosa-offro\/project-manager\/\" \/>\n<meta property=\"og:site_name\" content=\"Luciana Scrofani Green\" \/>\n<meta property=\"article:modified_time\" content=\"2022-12-21T07:38:50+00:00\" \/>\n<meta property=\"og:image\" content=\"https:\/\/italianinterpreter.london\/wp-content\/uploads\/2022\/12\/interpreting-portfolio.jpg\" \/>\n\t<meta property=\"og:image:width\" content=\"1920\" \/>\n\t<meta property=\"og:image:height\" content=\"910\" \/>\n\t<meta property=\"og:image:type\" content=\"image\/jpeg\" \/>\n<meta name=\"twitter:card\" content=\"summary_large_image\" \/>\n<meta name=\"twitter:label1\" content=\"Tempo di lettura stimato\" \/>\n\t<meta name=\"twitter:data1\" content=\"2 minuti\" \/>\n<script type=\"application\/ld+json\" class=\"yoast-schema-graph\">{\"@context\":\"https:\\\/\\\/schema.org\",\"@graph\":[{\"@type\":\"WebPage\",\"@id\":\"https:\\\/\\\/italianinterpreter.london\\\/it\\\/cosa-offro\\\/project-manager\\\/\",\"url\":\"https:\\\/\\\/italianinterpreter.london\\\/it\\\/cosa-offro\\\/project-manager\\\/\",\"name\":\"Project Manager - Team Leader - Luciana Scrofani Green\",\"isPartOf\":{\"@id\":\"https:\\\/\\\/italianinterpreter.london\\\/#website\"},\"primaryImageOfPage\":{\"@id\":\"https:\\\/\\\/italianinterpreter.london\\\/it\\\/cosa-offro\\\/project-manager\\\/#primaryimage\"},\"image\":{\"@id\":\"https:\\\/\\\/italianinterpreter.london\\\/it\\\/cosa-offro\\\/project-manager\\\/#primaryimage\"},\"thumbnailUrl\":\"https:\\\/\\\/italianinterpreter.london\\\/wp-content\\\/uploads\\\/2022\\\/12\\\/interpreting-portfolio.jpg\",\"datePublished\":\"2017-07-28T09:29:34+00:00\",\"dateModified\":\"2022-12-21T07:38:50+00:00\",\"description\":\"Servizi di consulenza di interpretariato su misura. Project Manager per aiutarti a costruire una squadra di professionisti.\",\"breadcrumb\":{\"@id\":\"https:\\\/\\\/italianinterpreter.london\\\/it\\\/cosa-offro\\\/project-manager\\\/#breadcrumb\"},\"inLanguage\":\"it-IT\",\"potentialAction\":[{\"@type\":\"ReadAction\",\"target\":[\"https:\\\/\\\/italianinterpreter.london\\\/it\\\/cosa-offro\\\/project-manager\\\/\"]}]},{\"@type\":\"ImageObject\",\"inLanguage\":\"it-IT\",\"@id\":\"https:\\\/\\\/italianinterpreter.london\\\/it\\\/cosa-offro\\\/project-manager\\\/#primaryimage\",\"url\":\"https:\\\/\\\/italianinterpreter.london\\\/wp-content\\\/uploads\\\/2022\\\/12\\\/interpreting-portfolio.jpg\",\"contentUrl\":\"https:\\\/\\\/italianinterpreter.london\\\/wp-content\\\/uploads\\\/2022\\\/12\\\/interpreting-portfolio.jpg\",\"width\":1920,\"height\":910},{\"@type\":\"BreadcrumbList\",\"@id\":\"https:\\\/\\\/italianinterpreter.london\\\/it\\\/cosa-offro\\\/project-manager\\\/#breadcrumb\",\"itemListElement\":[{\"@type\":\"ListItem\",\"position\":1,\"name\":\"Home\",\"item\":\"https:\\\/\\\/italianinterpreter.london\\\/it\\\/\"},{\"@type\":\"ListItem\",\"position\":2,\"name\":\"Cosa offro\",\"item\":\"https:\\\/\\\/italianinterpreter.london\\\/it\\\/cosa-offro\\\/\"},{\"@type\":\"ListItem\",\"position\":3,\"name\":\"PM &#8211; team leader\"}]},{\"@type\":\"WebSite\",\"@id\":\"https:\\\/\\\/italianinterpreter.london\\\/#website\",\"url\":\"https:\\\/\\\/italianinterpreter.london\\\/\",\"name\":\"Luciana Scrofani Green\",\"description\":\"Italian-English interpreting and translation services in London\",\"potentialAction\":[{\"@type\":\"SearchAction\",\"target\":{\"@type\":\"EntryPoint\",\"urlTemplate\":\"https:\\\/\\\/italianinterpreter.london\\\/?s={search_term_string}\"},\"query-input\":{\"@type\":\"PropertyValueSpecification\",\"valueRequired\":true,\"valueName\":\"search_term_string\"}}],\"inLanguage\":\"it-IT\"}]}<\/script>\n<!-- \/ Yoast SEO plugin. -->","yoast_head_json":{"title":"Project Manager - Team Leader - Luciana Scrofani Green","description":"Servizi di consulenza di interpretariato su misura. Project Manager per aiutarti a costruire una squadra di professionisti.","robots":{"index":"index","follow":"follow","max-snippet":"max-snippet:-1","max-image-preview":"max-image-preview:large","max-video-preview":"max-video-preview:-1"},"canonical":"https:\/\/italianinterpreter.london\/it\/cosa-offro\/project-manager\/","og_locale":"it_IT","og_type":"article","og_title":"Project Manager - Team Leader - Luciana Scrofani Green","og_description":"Servizi di consulenza di interpretariato su misura. Project Manager per aiutarti a costruire una squadra di professionisti.","og_url":"https:\/\/italianinterpreter.london\/it\/cosa-offro\/project-manager\/","og_site_name":"Luciana Scrofani Green","article_modified_time":"2022-12-21T07:38:50+00:00","og_image":[{"width":1920,"height":910,"url":"https:\/\/italianinterpreter.london\/wp-content\/uploads\/2022\/12\/interpreting-portfolio.jpg","type":"image\/jpeg"}],"twitter_card":"summary_large_image","twitter_misc":{"Tempo di lettura stimato":"2 minuti"},"schema":{"@context":"https:\/\/schema.org","@graph":[{"@type":"WebPage","@id":"https:\/\/italianinterpreter.london\/it\/cosa-offro\/project-manager\/","url":"https:\/\/italianinterpreter.london\/it\/cosa-offro\/project-manager\/","name":"Project Manager - Team Leader - Luciana Scrofani Green","isPartOf":{"@id":"https:\/\/italianinterpreter.london\/#website"},"primaryImageOfPage":{"@id":"https:\/\/italianinterpreter.london\/it\/cosa-offro\/project-manager\/#primaryimage"},"image":{"@id":"https:\/\/italianinterpreter.london\/it\/cosa-offro\/project-manager\/#primaryimage"},"thumbnailUrl":"https:\/\/italianinterpreter.london\/wp-content\/uploads\/2022\/12\/interpreting-portfolio.jpg","datePublished":"2017-07-28T09:29:34+00:00","dateModified":"2022-12-21T07:38:50+00:00","description":"Servizi di consulenza di interpretariato su misura. Project Manager per aiutarti a costruire una squadra di professionisti.","breadcrumb":{"@id":"https:\/\/italianinterpreter.london\/it\/cosa-offro\/project-manager\/#breadcrumb"},"inLanguage":"it-IT","potentialAction":[{"@type":"ReadAction","target":["https:\/\/italianinterpreter.london\/it\/cosa-offro\/project-manager\/"]}]},{"@type":"ImageObject","inLanguage":"it-IT","@id":"https:\/\/italianinterpreter.london\/it\/cosa-offro\/project-manager\/#primaryimage","url":"https:\/\/italianinterpreter.london\/wp-content\/uploads\/2022\/12\/interpreting-portfolio.jpg","contentUrl":"https:\/\/italianinterpreter.london\/wp-content\/uploads\/2022\/12\/interpreting-portfolio.jpg","width":1920,"height":910},{"@type":"BreadcrumbList","@id":"https:\/\/italianinterpreter.london\/it\/cosa-offro\/project-manager\/#breadcrumb","itemListElement":[{"@type":"ListItem","position":1,"name":"Home","item":"https:\/\/italianinterpreter.london\/it\/"},{"@type":"ListItem","position":2,"name":"Cosa offro","item":"https:\/\/italianinterpreter.london\/it\/cosa-offro\/"},{"@type":"ListItem","position":3,"name":"PM &#8211; team leader"}]},{"@type":"WebSite","@id":"https:\/\/italianinterpreter.london\/#website","url":"https:\/\/italianinterpreter.london\/","name":"Luciana Scrofani Green","description":"Italian-English interpreting and translation services in London","potentialAction":[{"@type":"SearchAction","target":{"@type":"EntryPoint","urlTemplate":"https:\/\/italianinterpreter.london\/?s={search_term_string}"},"query-input":{"@type":"PropertyValueSpecification","valueRequired":true,"valueName":"search_term_string"}}],"inLanguage":"it-IT"}]}},"_links":{"self":[{"href":"https:\/\/italianinterpreter.london\/it\/wp-json\/wp\/v2\/pages\/3443","targetHints":{"allow":["GET"]}}],"collection":[{"href":"https:\/\/italianinterpreter.london\/it\/wp-json\/wp\/v2\/pages"}],"about":[{"href":"https:\/\/italianinterpreter.london\/it\/wp-json\/wp\/v2\/types\/page"}],"author":[{"embeddable":true,"href":"https:\/\/italianinterpreter.london\/it\/wp-json\/wp\/v2\/users\/1"}],"replies":[{"embeddable":true,"href":"https:\/\/italianinterpreter.london\/it\/wp-json\/wp\/v2\/comments?post=3443"}],"version-history":[{"count":17,"href":"https:\/\/italianinterpreter.london\/it\/wp-json\/wp\/v2\/pages\/3443\/revisions"}],"predecessor-version":[{"id":9605,"href":"https:\/\/italianinterpreter.london\/it\/wp-json\/wp\/v2\/pages\/3443\/revisions\/9605"}],"up":[{"embeddable":true,"href":"https:\/\/italianinterpreter.london\/it\/wp-json\/wp\/v2\/pages\/3438"}],"wp:featuredmedia":[{"embeddable":true,"href":"https:\/\/italianinterpreter.london\/it\/wp-json\/wp\/v2\/media\/9688"}],"wp:attachment":[{"href":"https:\/\/italianinterpreter.london\/it\/wp-json\/wp\/v2\/media?parent=3443"}],"curies":[{"name":"wp","href":"https:\/\/api.w.org\/{rel}","templated":true}]}}