{"id":3445,"date":"2017-01-07T11:09:21","date_gmt":"2017-01-07T11:09:21","guid":{"rendered":"https:\/\/italianinterpreter.london\/profile\/"},"modified":"2022-12-21T07:21:14","modified_gmt":"2022-12-21T07:21:14","slug":"chi-sono","status":"publish","type":"page","link":"https:\/\/italianinterpreter.london\/it\/chi-sono\/","title":{"rendered":"Chi sono"},"content":{"rendered":"<p>[vc_row css=&#8221;.vc_custom_1497468145956{margin-top: 80px !important;}&#8221;][vc_column][vc_row_inner][vc_column_inner width=&#8221;1\/2&#8243;][vc_column_text]<\/p>\n<div class=\"presentation-two-name col-ms-12_marg50\">Luciana Scrofani Green<\/div>\n<div class=\"present-block-line\"><\/div>\n<div class=\"present-block-text\">\n<p>Sono <strong>nata a Siracusa<\/strong>, in Sicilia, circondata dalla bellezza di uno dei pi\u00f9 importanti centri della Magna Grecia. A 17 anni mi sono trasferita a Roma frequentare la <strong>Scuola Superiore per Interpreti e Traduttori<\/strong> e mi sono laureata in Interpretazione parlamentare e in traduzione.<\/p>\n<p>Da <strong>pi\u00f9 di 20 anni<\/strong> svolgo l\u2019attivit\u00e0 di interprete di conferenza (simultanea, consecutiva e chuchotage), interprete di trattativa e offro servizi di traduzione e di project management per eventi internazionali.<\/p>\n<p><strong>Vivo a Londra<\/strong>, ma viaggio frequentemente in tutto il Regno Unito e l\u2019<strong>Europa<\/strong> per assistere i miei clienti.<\/p>\n<\/div>\n<p>[\/vc_column_text][\/vc_column_inner][vc_column_inner width=&#8221;1\/2&#8243; offset=&#8221;vc_col-lg-offset-0 vc_col-lg-6 vc_col-md-offset-0 vc_col-sm-offset-0&#8243;][vc_single_image image=&#8221;1747&#8243; img_size=&#8221;full&#8221;][\/vc_column_inner][\/vc_row_inner][vc_column_text]Grazie alla mia esperienza professionale offro un servizio di <strong><a href=\"https:\/\/italianinterpreter.london\/it\/cosa-offro\/interprete\/\">interpretariato<\/a><\/strong> per:<\/p>\n<ul>\n<li>conferenze, eventi aziendali, missioni commerciali, incontri B2B, corsi di formazione in Italiana e all\u2019estero, convegni (con specializzazione per eventi tematici ed in particolare i convegni medici e farmaceutici);<\/li>\n<li>seminari e meeting internazionali;<\/li>\n<li>consigli di assemblee, comitati aziendali europei, riunioni bilaterali;<\/li>\n<li>conferenze stampa, dibattiti e show televisivi;<\/li>\n<li>arbitrati. .<\/li>\n<\/ul>\n<p>La mia offerta va oltre la semplice <strong><a href=\"https:\/\/italianinterpreter.london\/it\/cosa-offro\/traduttrice\/\">traduzione<\/a><\/strong>, con l\u2019obiettivo di offrire un servizio che tenga conto sempre conto delle esigenze dei clienti e soprattutto della strategia di comunicazione da adottare. Traduco dall\u2019inglese e dall\u2019italiano all\u2019inglese, garantendo un servizio in tutti gli ambiti tematici e settoriali, tra cui:<\/p>\n<ul>\n<li>testi giuridici, finanziari, farmaceutici e medici;<\/li>\n<li>testi amministrativi;<\/li>\n<li>testi in ambito industriale e nel settore dei servizi.<\/li>\n<\/ul>\n<p>Come <strong><a href=\"https:\/\/italianinterpreter.london\/it\/cosa-offro\/project-manager\/\">project manager per l\u2019organizzazione di eventi internazionali<\/a><\/strong> mi occupo di:<\/p>\n<ul>\n<li>ricerca e gestione di team di interpreti multilingue;<\/li>\n<li>supervisione dei materiali tradotti<\/li>\n<li>organizzazione attivit\u00e0 sociali per delegati ed ospiti;<\/li>\n<li>selezione citt\u00e0 europee, centri congressi e location;<\/li>\n<li>ricerca e selezione di hostess e servizi di catering;<\/li>\n<li>ricerca, selezione e servizi tecnici per impianti di simultanea.<\/li>\n<\/ul>\n<p>Svolgo la mia attivit\u00e0 con <strong style=\"color: #e1477e;\">entusiasmo e gentilezza<\/strong>, sempre alla ricerca di un rapporto autentico ed empatico per offrire un servizio rispondente alle esigenze e alle aspettative dei clienti.<\/p>\n<p>Anche sotto pressione, grazie al mio carattere determinato, riesco a gestire al meglio le richieste e superare le eventuali criticit\u00e0.<\/p>\n<p>Do la mia disponibilit\u00e0 anche al di fuori dell\u2019orario di lavoro e rispondo rapidamente alle richieste.<\/p>\n<p>Amo la mia professione e il contatto con i miei clienti: oltre alla professionalit\u00e0, il <strong style=\"color: #e1477e;\">sorriso<\/strong> rappresenta uno degli elementi distintivi che contraddistinguono il mio modo di lavorare.<\/p>\n<p>Anche per questo i miei clienti, lasciano <strong>commenti eccezionali<\/strong>, richiedendo i miei servizi anno dopo anno e dando vita ad uno straordinario passaparola.[\/vc_column_text]<a class=\"pioneer_vc_button\" data-title-color-hover=\"#ffffff\" data-bg-color-hover=\"#1b344a\" data-border-c-hover=\"#1b344a\"  href=\"https:\/\/italianinterpreter.london\/it\/get-in-touch\/\" target=\"_self\" style=\"display:inline-block; font-size:16px; line-heigth:16px; color:#1b344a; background-color:#ffffff; padding:7px 15px; margin:10px 0 0 0; border-width:2px; border-style:solid; border-color:#1b344a; border-radius:\"><i class=\"fa \"><\/i> Per maggiori informazioni: contattami<\/a>[\/vc_column][\/vc_row][vc_row full_width=&#8221;stretch_row&#8221; css=&#8221;.vc_custom_1506603844443{margin-top: 40px !important;padding-top: 40px !important;padding-bottom: 75px !important;background-color: #1b344a !important;}&#8221; el_class=&#8221;white-text&#8221;][vc_column][vc_row_inner][vc_column_inner width=&#8221;1\/2&#8243;][vc_single_image image=&#8221;1475&#8243; img_size=&#8221;full&#8221; alignment=&#8221;center&#8221;][\/vc_column_inner][vc_column_inner el_class=&#8221;simple-list&#8221; width=&#8221;1\/2&#8243;]<div class=\"services-list\"><i class=\"icon-basic-message-multiple\"><\/i><span> Il mio curriculum vanta numerose collaborazioni con G8, Nazioni Unite, NATO, Europol, INTERPOL, Presidenza Italiana del Consiglio dei Ministri e associati alla Camera di Commercio italiana nel Regno Unito.<\/span><\/div><div class=\"services-list\"><i class=\"icon-basic-message-multiple\"><\/i><span> Sono imparziale e obiettiva. Capace di adeguarmi al contesto. Molto rispettosa e sensibile alle differenze culturali.<\/span><\/div><div class=\"services-list\"><i class=\"icon-basic-message-multiple\"><\/i><span> Grazie alla mia consolidata esperienza in ambiti commercialmente o diplomaticamente sensibili, ho guadagnato la fiducia di diverse figure di spicco ivi inclusi relatori motivazionali (Ted Talks).<\/span><\/div><div class=\"services-list\"><i class=\"icon-basic-message-multiple\"><\/i><span> Il mio carattere determinato mi consente di lavorare al meglio sotto pressione, proprio quando bisogna dare il massimo. Sempre con il sorriso!<\/span><\/div><div class=\"services-list\"><i class=\"icon-basic-message-multiple\"><\/i><span> Rispondo rapidamente alle richieste e resto a disposizione anche al di fuori dell\u2019orario di lavoro.<\/span><\/div>[\/vc_column_inner][\/vc_row_inner][\/vc_column][\/vc_row][vc_row full_width=&#8221;stretch_row&#8221; content_placement=&#8221;middle&#8221; parallax=&#8221;content-moving&#8221; parallax_image=&#8221;1599&#8243; css=&#8221;.vc_custom_1503326407397{margin-top: 0px !important;margin-bottom: 0px !important;padding-top: 80px !important;padding-bottom: 80px !important;background-color: #ffffff !important;}&#8221;][vc_column][vc_row_inner content_placement=&#8221;middle&#8221; css=&#8221;.vc_custom_1501230174598{margin-bottom: 20px !important;}&#8221;][vc_column_inner][vc_column_text]<\/p>\n<div class=\"presentation-two-name col-ms-12_marg50\" style=\"text-align: center;\">Dove lavoro?<\/div>\n<div class=\"present-block-line\" style=\"text-align: center; margin: 10px auto;\"><\/div>\n<div class=\"present-block-text\">\n<p style=\"text-align: center;\">All the word\u2019s a stage: a Londra, nel Regno Unito, in tutta Europa e se necessario anche oltre.<\/p>\n<p style=\"text-align: center;\">Posso incontrare te e i tuoi clienti in aeroporto o durante una manifestazione. Mi sposto ovunque tu abbia bisogno. Hai una missione commerciale in programma nel settore agro-alimentare? Vuoi rivolgerti ad un network di manager ed imprenditori di successo a Londra? Sei interessato ad aprire un&#8217;attivit\u00e0 a Londra e non sai da dove partire?<\/p>\n<p>&nbsp;<\/p>\n<p>&nbsp;<\/p>\n<\/div>\n<p>[\/vc_column_text][\/vc_column_inner][\/vc_row_inner][\/vc_column][\/vc_row][vc_row full_width=&#8221;stretch_row&#8221; css=&#8221;.vc_custom_1502213639860{padding-top: 35px !important;padding-bottom: 35px !important;background-color: #1b344a !important;}&#8221;][vc_column][vc_row_inner][vc_column_inner el_class=&#8221;simple-list&#8221;][vc_column_text]<\/p>\n<h2 style=\"text-align: center; color: #fff;\">Vuoi affidarti a un\u2019interprete competente ed esperta per la riuscita del tuo evento? <a href=\"https:\/\/italianinterpreter.london\/it\/contatti\">Contattami<\/a>.<\/h2>\n<p>[\/vc_column_text][\/vc_column_inner][\/vc_row_inner][\/vc_column][\/vc_row][vc_row full_width=&#8221;stretch_row&#8221; content_placement=&#8221;middle&#8221; parallax=&#8221;content-moving&#8221; parallax_image=&#8221;1836&#8243; css=&#8221;.vc_custom_1506604237726{margin-top: 0px !important;margin-bottom: 0px !important;padding-top: 40px !important;padding-bottom: 60px !important;background-color: #f8f8f8 !important;background-position: center;background-repeat: no-repeat !important;background-size: cover !important;}&#8221;][vc_column][vc_row_inner el_class=&#8221;text-center&#8221;][vc_column_inner el_class=&#8221;center-button&#8221; css=&#8221;.vc_custom_1501230603789{padding-right: 40px !important;padding-left: 40px !important;}&#8221;]<div class=\"promo-block  \"><div class=\"promo-text\"><\/div><div class=\"promo-name\"><h3>Formazione ed esperienza<\/h3><\/div><div class=\"promo-border\"><\/div><\/div>[vc_column_text]<\/p>\n<p style=\"text-align: center;\">Dopo aver conseguito la laurea in Interpretazione parlamentare e in traduzione (SSIT-Roma), ho iniziato la mia carriera lavorando come interprete di conferenza, trattativa e traduttrice e insegnando interpretazione consecutiva e simultanea all\u2019<strong>Universit\u00e0 di Roma<\/strong>.<\/p>\n<p style=\"text-align: center;\">Sin dagli inizi della mia carriera ho avuto la possibilit\u00e0 di fare da interprete a <strong>Robert De Niro, Nanae Kofi Annan, Sua Santit\u00e0 Giovanni Paolo II, il premio Nobel Amartya Sen, la Presidenza della Repubblica<\/strong>.<\/p>\n<p style=\"text-align: center;\">Ho accompagnato <strong>alti esponenti della Presidenza del Consiglio dei Ministri<\/strong> durante le trasferte ufficiali in Grecia, Danimarca, Lettonia, Francia, Lussemburgo.<\/p>\n<p style=\"text-align: center;\">Ho presenziato a <strong>meeting bilaterali al Quirinale<\/strong>, lavorando per i Presidenti della Repubblica Carlo Azeglio Ciampi e Giorgio Napolitano, il Senato della Repubblica, la Camera dei Deputati, i Ministri del G8.<\/p>\n<p style=\"text-align: center;\">Ho collaborato con il <strong>Vaticano<\/strong> (congregazioni religiose e conferenze internazionali presso le universit\u00e0 Gregoriana, Urbaniana e Lateranense),<\/p>\n<p style=\"text-align: center;\">Collaboro con <strong>organizzazioni europee ed internazionali<\/strong>, tra cui Nazioni Unite, Unicef, Unicri, Europol, Olaf e UE, <strong>grandi aziende<\/strong> (ad esempio Telecom Italia, Finmeccanica, Autostrade, aziende farmaceutiche) e con Piccole e Medie Imprese.<\/p>\n<p style=\"text-align: center;\">E infine\u2026 lavoro anche a <strong>Cambridge<\/strong> come tutor di inglese e italiano in ambito aziendale e accademico.<\/p>\n<p style=\"text-align: center;\">Sono socia da 10 anni della Camera di commercio italiana nel Regno Unito e <strong>continuo a formarmi ed aggiornarmi<\/strong> per valorizzare e rendere pi\u00f9 qualificati i miei servizi: nel 2014 ho partecipato a un corso di formazione per insegnanti di interpretazione presso la London Metropolitan University e ogni anno seguo corsi di formazione per interpreti in Francia, nel Regno Unito e corsi di pronuncia inglese a Cambridge.<\/p>\n<p>[\/vc_column_text]<a class=\"pioneer_vc_button\" data-title-color-hover=\"#ffffff\" data-bg-color-hover=\"#1b344a\" data-border-c-hover=\"#1b344a\"  href=\"https:\/\/italianinterpreter.london\/it\/get-in-touch\/\" target=\"_self\" style=\"display:inline-block; font-size:16px; line-heigth:16px; color:#1b344a; background-color:#ffffff; padding:7px 15px; margin:10px 0 0 0; border-width:2px; border-style:solid; border-color:#1b344a; border-radius:\"><i class=\"fa \"><\/i> Per maggiori informazioni: contattami<\/a>[vc_empty_space height=&#8221;40px&#8221;][\/vc_column_inner][\/vc_row_inner][vc_row_inner el_class=&#8221;simple-list&#8221;][vc_column_inner width=&#8221;1\/2&#8243;]<div class=\"services-list\"><i class=\"icon-basic-message-multiple\"><\/i><span> Ricerca e gestione di team di interpreti multilingue;<\/span><\/div><div class=\"services-list\"><i class=\"icon-basic-message-multiple\"><\/i><span> Supervisione dei materiali tradotti nelle varie lingue di lavoro;<\/span><\/div><div class=\"services-list\"><i class=\"icon-basic-message-multiple\"><\/i><span> Organizzazione attivit\u00e0 sociali per delegati ed ospiti ;<\/span><\/div>[\/vc_column_inner][vc_column_inner width=&#8221;1\/2&#8243;]<div class=\"services-list\"><i class=\"icon-basic-message-multiple\"><\/i><span> Selezione citt\u00e0 europee e centri congressi ove organizzare riunioni e conferenze;<\/span><\/div><div class=\"services-list\"><i class=\"icon-basic-message-multiple\"><\/i><span> Ricerca e selezione di hostess, servizi di catering, servizi tecnici per impianti di simultanea et al.<\/span><\/div>[\/vc_column_inner][\/vc_row_inner][\/vc_column][\/vc_row][vc_row full_width=&#8221;stretch_row&#8221; css=&#8221;.vc_custom_1503326575758{margin-top: 0px !important;margin-bottom: 0px !important;padding-top: 40px !important;padding-bottom: 60px !important;background-color: #f8f8f8 !important;}&#8221;][vc_column]<div class=\"promo-block center \"><div class=\"promo-text\"><\/div><div class=\"promo-name\"><h3>Vita privata<\/h3><\/div><div class=\"promo-border\"><\/div><\/div>[vc_row_inner][vc_column_inner width=&#8221;2\/3&#8243; css=&#8221;.vc_custom_1508162192987{padding-right: 40px !important;padding-bottom: 40px !important;padding-left: 40px !important;}&#8221;][vc_column_text]Se <strong>Londra<\/strong> non fosse entrata nella mia vita quando ero adolescente, forse oggi sarei una campionessa di nuoto. In <strong>Sicilia<\/strong>, durante il liceo, sono stata <strong>nuotatrice agonistica<\/strong> e insegnante di nuoto: grazie alla mia carriera sportiva ho cominciato a viaggiare e a conoscere gente di tutte le nazionalit\u00e0.<\/p>\n<p>A 17 anni ho deciso che avrei fatto l\u2019interprete e mi sono trasferita a <strong>Roma<\/strong> per studiare alla Scuola Superiore per Interpreti e Traduttori.<br \/>\nOggi vivo a Londra e viaggio verso una destinazione europea diversa ogni settimana.<\/p>\n<p>Il mio amore per il Regno Unito, tuttavia, non si esprime solo nella professione: sono <strong>sposata con James da 16 anni<\/strong>, abbiamo <strong>due adorabili figlie<\/strong> e una cagnolina bianca di nome Lola.<\/p>\n<p>Amo viaggiare, scoprire posti nuovi e sono fortunata ad avere un lavoro che mi permette. di farlo. Nel tempo libero mi piace rilassarmi leggendo thriller e guardando film romantici.<\/p>\n<p>Amo la moda e ho una visione della \u201cvie en rose\u201d: il mio guardaroba \u00e8 prevalentemente. rosa! Mi concedo un bicchiere di prosecco ogni tanto, ma se c\u2019\u00e8 una cosa di cui non posso fare a meno \u00e8 il caff\u00e8.[\/vc_column_text]<a class=\"pioneer_vc_button\" data-title-color-hover=\"#ffffff\" data-bg-color-hover=\"#1b344a\" data-border-c-hover=\"#1b344a\"  href=\"https:\/\/italianinterpreter.london\/it\/cosa-offro\" target=\"_self\" style=\"display:inline-block; font-size:16px; line-heigth:16px; color:#1b344a; background-color:#ffffff; padding:7px 15px; margin:10px 0 0 0; border-width:2px; border-style:solid; border-color:#1b344a; border-radius:\"><i class=\"fa \"><\/i> Leggi i dettagli della mia offerta<\/a>[\/vc_column_inner][vc_column_inner width=&#8221;1\/3&#8243;][vc_single_image image=&#8221;4328&#8243; img_size=&#8221;full&#8221;][\/vc_column_inner][\/vc_row_inner][\/vc_column][\/vc_row]<\/p>\n","protected":false},"excerpt":{"rendered":"<p>[vc_row css=&#8221;.vc_custom_1497468145956{margin-top: 80px !important;}&#8221;][vc_column][vc_row_inner][vc_column_inner width=&#8221;1\/2&#8243;][vc_column_text] Luciana Scrofani Green Sono nata a Siracusa, in Sicilia, circondata dalla bellezza di uno dei pi\u00f9 importanti centri della Magna Grecia. A 17 anni mi sono trasferita a Roma frequentare la Scuola Superiore per Interpreti e Traduttori e mi sono laureata in Interpretazione parlamentare e in traduzione. Da pi\u00f9 di&#8230;<\/p>\n","protected":false},"author":1,"featured_media":9738,"parent":0,"menu_order":0,"comment_status":"closed","ping_status":"closed","template":"visual-composer.php","meta":{"footnotes":""},"class_list":["post-3445","page","type-page","status-publish","has-post-thumbnail","hentry"],"yoast_head":"<!-- This site is optimized with the Yoast SEO plugin v27.3 - https:\/\/yoast.com\/product\/yoast-seo-wordpress\/ -->\n<title>Chi sono - Luciana Scrofani Green<\/title>\n<meta name=\"description\" content=\"Servizi di interpretariato italiano a Londra. Ho lavorato per G8, ONU, NATO, Europol, Interpol, Presidenza Italiana e Camera di Commercio Italiana.\" \/>\n<meta name=\"robots\" content=\"index, follow, max-snippet:-1, max-image-preview:large, max-video-preview:-1\" \/>\n<link rel=\"canonical\" href=\"https:\/\/italianinterpreter.london\/it\/chi-sono\/\" \/>\n<meta property=\"og:locale\" content=\"it_IT\" \/>\n<meta property=\"og:type\" content=\"article\" \/>\n<meta property=\"og:title\" content=\"Chi sono - Luciana Scrofani Green\" \/>\n<meta property=\"og:description\" content=\"Servizi di interpretariato italiano a Londra. Ho lavorato per G8, ONU, NATO, Europol, Interpol, Presidenza Italiana e Camera di Commercio Italiana.\" \/>\n<meta property=\"og:url\" content=\"https:\/\/italianinterpreter.london\/it\/chi-sono\/\" \/>\n<meta property=\"og:site_name\" content=\"Luciana Scrofani Green\" \/>\n<meta property=\"article:modified_time\" content=\"2022-12-21T07:21:14+00:00\" \/>\n<meta property=\"og:image\" content=\"https:\/\/italianinterpreter.london\/wp-content\/uploads\/2022\/12\/erik-lundqvist-220582-1.jpg\" \/>\n\t<meta property=\"og:image:width\" content=\"2000\" \/>\n\t<meta property=\"og:image:height\" content=\"533\" \/>\n\t<meta property=\"og:image:type\" content=\"image\/jpeg\" \/>\n<meta name=\"twitter:card\" content=\"summary_large_image\" \/>\n<meta name=\"twitter:label1\" content=\"Tempo di lettura stimato\" \/>\n\t<meta name=\"twitter:data1\" content=\"6 minuti\" \/>\n<script type=\"application\/ld+json\" class=\"yoast-schema-graph\">{\"@context\":\"https:\\\/\\\/schema.org\",\"@graph\":[{\"@type\":\"WebPage\",\"@id\":\"https:\\\/\\\/italianinterpreter.london\\\/it\\\/chi-sono\\\/\",\"url\":\"https:\\\/\\\/italianinterpreter.london\\\/it\\\/chi-sono\\\/\",\"name\":\"Chi sono - Luciana Scrofani Green\",\"isPartOf\":{\"@id\":\"https:\\\/\\\/italianinterpreter.london\\\/#website\"},\"primaryImageOfPage\":{\"@id\":\"https:\\\/\\\/italianinterpreter.london\\\/it\\\/chi-sono\\\/#primaryimage\"},\"image\":{\"@id\":\"https:\\\/\\\/italianinterpreter.london\\\/it\\\/chi-sono\\\/#primaryimage\"},\"thumbnailUrl\":\"https:\\\/\\\/italianinterpreter.london\\\/wp-content\\\/uploads\\\/2022\\\/12\\\/erik-lundqvist-220582-1.jpg\",\"datePublished\":\"2017-01-07T11:09:21+00:00\",\"dateModified\":\"2022-12-21T07:21:14+00:00\",\"description\":\"Servizi di interpretariato italiano a Londra. Ho lavorato per G8, ONU, NATO, Europol, Interpol, Presidenza Italiana e Camera di Commercio Italiana.\",\"breadcrumb\":{\"@id\":\"https:\\\/\\\/italianinterpreter.london\\\/it\\\/chi-sono\\\/#breadcrumb\"},\"inLanguage\":\"it-IT\",\"potentialAction\":[{\"@type\":\"ReadAction\",\"target\":[\"https:\\\/\\\/italianinterpreter.london\\\/it\\\/chi-sono\\\/\"]}]},{\"@type\":\"ImageObject\",\"inLanguage\":\"it-IT\",\"@id\":\"https:\\\/\\\/italianinterpreter.london\\\/it\\\/chi-sono\\\/#primaryimage\",\"url\":\"https:\\\/\\\/italianinterpreter.london\\\/wp-content\\\/uploads\\\/2022\\\/12\\\/erik-lundqvist-220582-1.jpg\",\"contentUrl\":\"https:\\\/\\\/italianinterpreter.london\\\/wp-content\\\/uploads\\\/2022\\\/12\\\/erik-lundqvist-220582-1.jpg\",\"width\":2000,\"height\":533},{\"@type\":\"BreadcrumbList\",\"@id\":\"https:\\\/\\\/italianinterpreter.london\\\/it\\\/chi-sono\\\/#breadcrumb\",\"itemListElement\":[{\"@type\":\"ListItem\",\"position\":1,\"name\":\"Home\",\"item\":\"https:\\\/\\\/italianinterpreter.london\\\/it\\\/\"},{\"@type\":\"ListItem\",\"position\":2,\"name\":\"Chi sono\"}]},{\"@type\":\"WebSite\",\"@id\":\"https:\\\/\\\/italianinterpreter.london\\\/#website\",\"url\":\"https:\\\/\\\/italianinterpreter.london\\\/\",\"name\":\"Luciana Scrofani Green\",\"description\":\"Italian-English interpreting and translation services in London\",\"potentialAction\":[{\"@type\":\"SearchAction\",\"target\":{\"@type\":\"EntryPoint\",\"urlTemplate\":\"https:\\\/\\\/italianinterpreter.london\\\/?s={search_term_string}\"},\"query-input\":{\"@type\":\"PropertyValueSpecification\",\"valueRequired\":true,\"valueName\":\"search_term_string\"}}],\"inLanguage\":\"it-IT\"}]}<\/script>\n<!-- \/ Yoast SEO plugin. -->","yoast_head_json":{"title":"Chi sono - Luciana Scrofani Green","description":"Servizi di interpretariato italiano a Londra. Ho lavorato per G8, ONU, NATO, Europol, Interpol, Presidenza Italiana e Camera di Commercio Italiana.","robots":{"index":"index","follow":"follow","max-snippet":"max-snippet:-1","max-image-preview":"max-image-preview:large","max-video-preview":"max-video-preview:-1"},"canonical":"https:\/\/italianinterpreter.london\/it\/chi-sono\/","og_locale":"it_IT","og_type":"article","og_title":"Chi sono - Luciana Scrofani Green","og_description":"Servizi di interpretariato italiano a Londra. Ho lavorato per G8, ONU, NATO, Europol, Interpol, Presidenza Italiana e Camera di Commercio Italiana.","og_url":"https:\/\/italianinterpreter.london\/it\/chi-sono\/","og_site_name":"Luciana Scrofani Green","article_modified_time":"2022-12-21T07:21:14+00:00","og_image":[{"width":2000,"height":533,"url":"https:\/\/italianinterpreter.london\/wp-content\/uploads\/2022\/12\/erik-lundqvist-220582-1.jpg","type":"image\/jpeg"}],"twitter_card":"summary_large_image","twitter_misc":{"Tempo di lettura stimato":"6 minuti"},"schema":{"@context":"https:\/\/schema.org","@graph":[{"@type":"WebPage","@id":"https:\/\/italianinterpreter.london\/it\/chi-sono\/","url":"https:\/\/italianinterpreter.london\/it\/chi-sono\/","name":"Chi sono - Luciana Scrofani Green","isPartOf":{"@id":"https:\/\/italianinterpreter.london\/#website"},"primaryImageOfPage":{"@id":"https:\/\/italianinterpreter.london\/it\/chi-sono\/#primaryimage"},"image":{"@id":"https:\/\/italianinterpreter.london\/it\/chi-sono\/#primaryimage"},"thumbnailUrl":"https:\/\/italianinterpreter.london\/wp-content\/uploads\/2022\/12\/erik-lundqvist-220582-1.jpg","datePublished":"2017-01-07T11:09:21+00:00","dateModified":"2022-12-21T07:21:14+00:00","description":"Servizi di interpretariato italiano a Londra. Ho lavorato per G8, ONU, NATO, Europol, Interpol, Presidenza Italiana e Camera di Commercio Italiana.","breadcrumb":{"@id":"https:\/\/italianinterpreter.london\/it\/chi-sono\/#breadcrumb"},"inLanguage":"it-IT","potentialAction":[{"@type":"ReadAction","target":["https:\/\/italianinterpreter.london\/it\/chi-sono\/"]}]},{"@type":"ImageObject","inLanguage":"it-IT","@id":"https:\/\/italianinterpreter.london\/it\/chi-sono\/#primaryimage","url":"https:\/\/italianinterpreter.london\/wp-content\/uploads\/2022\/12\/erik-lundqvist-220582-1.jpg","contentUrl":"https:\/\/italianinterpreter.london\/wp-content\/uploads\/2022\/12\/erik-lundqvist-220582-1.jpg","width":2000,"height":533},{"@type":"BreadcrumbList","@id":"https:\/\/italianinterpreter.london\/it\/chi-sono\/#breadcrumb","itemListElement":[{"@type":"ListItem","position":1,"name":"Home","item":"https:\/\/italianinterpreter.london\/it\/"},{"@type":"ListItem","position":2,"name":"Chi sono"}]},{"@type":"WebSite","@id":"https:\/\/italianinterpreter.london\/#website","url":"https:\/\/italianinterpreter.london\/","name":"Luciana Scrofani Green","description":"Italian-English interpreting and translation services in London","potentialAction":[{"@type":"SearchAction","target":{"@type":"EntryPoint","urlTemplate":"https:\/\/italianinterpreter.london\/?s={search_term_string}"},"query-input":{"@type":"PropertyValueSpecification","valueRequired":true,"valueName":"search_term_string"}}],"inLanguage":"it-IT"}]}},"_links":{"self":[{"href":"https:\/\/italianinterpreter.london\/it\/wp-json\/wp\/v2\/pages\/3445","targetHints":{"allow":["GET"]}}],"collection":[{"href":"https:\/\/italianinterpreter.london\/it\/wp-json\/wp\/v2\/pages"}],"about":[{"href":"https:\/\/italianinterpreter.london\/it\/wp-json\/wp\/v2\/types\/page"}],"author":[{"embeddable":true,"href":"https:\/\/italianinterpreter.london\/it\/wp-json\/wp\/v2\/users\/1"}],"replies":[{"embeddable":true,"href":"https:\/\/italianinterpreter.london\/it\/wp-json\/wp\/v2\/comments?post=3445"}],"version-history":[{"count":20,"href":"https:\/\/italianinterpreter.london\/it\/wp-json\/wp\/v2\/pages\/3445\/revisions"}],"predecessor-version":[{"id":9227,"href":"https:\/\/italianinterpreter.london\/it\/wp-json\/wp\/v2\/pages\/3445\/revisions\/9227"}],"wp:featuredmedia":[{"embeddable":true,"href":"https:\/\/italianinterpreter.london\/it\/wp-json\/wp\/v2\/media\/9738"}],"wp:attachment":[{"href":"https:\/\/italianinterpreter.london\/it\/wp-json\/wp\/v2\/media?parent=3445"}],"curies":[{"name":"wp","href":"https:\/\/api.w.org\/{rel}","templated":true}]}}